{"id":154,"date":"2017-03-01T21:36:49","date_gmt":"2017-03-01T20:36:49","guid":{"rendered":"http:\/\/fermedelachauveliere.fr\/?page_id=154"},"modified":"2025-08-28T17:36:00","modified_gmt":"2025-08-28T15:36:00","slug":"lagneau","status":"publish","type":"page","link":"https:\/\/fermedelachauveliere.fr\/index.php\/37-indre-et-loire-cheille\/les-produits\/lagneau\/","title":{"rendered":"L&rsquo;AGNEAU"},"content":{"rendered":"<div id=\"pl-154\"  class=\"panel-layout\" ><div id=\"pg-154-0\"  class=\"panel-grid panel-no-style\" ><div id=\"pgc-154-0-0\"  class=\"panel-grid-cell\" ><div id=\"panel-154-0-0-0\" class=\"so-panel widget widget_sow-editor panel-first-child panel-last-child\" data-index=\"0\" ><div class=\"panel-widget-style panel-widget-style-for-154-0-0-0\" ><div\n\t\t\t\n\t\t\tclass=\"so-widget-sow-editor so-widget-sow-editor-base\"\n\t\t\t\n\t\t>\n<div class=\"siteorigin-widget-tinymce textwidget\">\n\t<h3 style=\"text-align: center;\"><span style=\"color: #ffffff;\">\u00a0Tarif au28 Ao\u00fbt\u00a0 2025<\/span><\/h3>\n<h3 align=\"center\"><span style=\"text-decoration: underline;\">Colis Demi-Agneau<\/span><\/h3>\n<h3 align=\"center\">18,00 euros le kg<\/h3>\n<p align=\"center\"><strong><span style=\"font-size: large;\">Gigot entier et \u00e9paule avec palette<\/span><\/strong><\/p>\n<p align=\"center\"><strong><span style=\"font-size: large;\">ou<\/span><\/strong><\/p>\n<p style=\"text-align: center;\" align=\"center\"><strong><span style=\"font-size: large;\">Gigot tranch\u00e9 et \u00e9paule en r\u00f4ti<\/span><\/strong><\/p>\n<p style=\"text-align: center;\"><strong><span style=\"font-size: large;\">(Suppl\u00e9ment de 1 euro le kg sur le colis)<\/span><\/strong><\/p>\n<p align=\"center\"><strong><span style=\"font-size: large;\">C\u00f4tes \u00ab\u00a0filet\u00a0\u00bb<\/span><\/strong><\/p>\n<p align=\"center\"><strong><span style=\"font-size: large;\">C\u00f4tes\u00a0 \u00ab\u00a0premi\u00e8re\u00a0\u00bb<\/span><\/strong><\/p>\n<p align=\"center\"><strong><span style=\"font-size: large;\">C\u00f4tes \u00ab\u00a0seconde\u00a0\u00bb<\/span><\/strong><\/p>\n<p align=\"center\"><strong><span style=\"font-size: large;\">Rago\u00fbt<\/span><\/strong><\/p>\n<h3 align=\"center\"><span style=\"text-decoration: underline;\">Colis Quart d\u2019Agneau<\/span><\/h3>\n<h3 align=\"center\">18,50 euros le kg<\/h3>\n<p align=\"center\"><strong><span style=\"font-size: large;\">Gigot tranch\u00e9 et \u00e9paule en r\u00f4ti<\/span><\/strong><\/p>\n<p align=\"center\"><strong><span style=\"font-size: large;\">C\u00f4tes \u00ab\u00a0filet\u00a0\u00bb<\/span><\/strong><\/p>\n<p align=\"center\"><strong><span style=\"font-size: large;\">C\u00f4tes\u00a0 \u00ab\u00a0premi\u00e8re\u00a0\u00bb<\/span><\/strong><\/p>\n<p align=\"center\"><strong><span style=\"font-size: large;\">C\u00f4tes \u00ab\u00a0seconde\u00a0\u00bb<\/span><\/strong><\/p>\n<p align=\"center\"><strong><span style=\"font-size: large;\">Rago\u00fbt<\/span><\/strong><\/p>\n<p align=\"center\">\n<\/div>\n<\/div><\/div><\/div><\/div><\/div><\/div>","protected":false},"excerpt":{"rendered":"<p>\u00a0Tarif au28 Ao\u00fbt\u00a0 2025 Colis Demi-Agneau 18,00 euros le kg Gigot entier et \u00e9paule avec palette ou Gigot tranch\u00e9 et \u00e9paule en r\u00f4ti (Suppl\u00e9ment de 1 euro le kg sur le colis) C\u00f4tes \u00ab\u00a0filet\u00a0\u00bb C\u00f4tes\u00a0 \u00ab\u00a0premi\u00e8re\u00a0\u00bb C\u00f4tes \u00ab\u00a0seconde\u00a0\u00bb Rago\u00fbt Colis Quart d\u2019Agneau 18,50 euros le kg Gigot tranch\u00e9 et \u00e9paule en r\u00f4ti C\u00f4tes \u00ab\u00a0filet\u00a0\u00bb C\u00f4tes\u00a0 [&hellip;]<\/p>\n","protected":false},"author":1,"featured_media":0,"parent":127,"menu_order":3,"comment_status":"closed","ping_status":"closed","template":"","meta":{"footnotes":""},"yoast_head":"<!-- This site is optimized with the Yoast SEO plugin v20.4 - https:\/\/yoast.com\/wordpress\/plugins\/seo\/ -->\n<title>L&#039;AGNEAU - ELEVAGE DE LA FERME DE LA CHAUVELIERE<\/title>\n<meta name=\"robots\" content=\"index, follow, max-snippet:-1, max-image-preview:large, max-video-preview:-1\" \/>\n<link rel=\"canonical\" href=\"https:\/\/fermedelachauveliere.fr\/index.php\/37-indre-et-loire-cheille\/les-produits\/lagneau\/\" \/>\n<meta property=\"og:locale\" content=\"fr_FR\" \/>\n<meta property=\"og:type\" content=\"article\" \/>\n<meta property=\"og:title\" content=\"L&#039;AGNEAU - ELEVAGE DE LA FERME DE LA CHAUVELIERE\" \/>\n<meta property=\"og:description\" content=\"\u00a0Tarif au28 Ao\u00fbt\u00a0 2025 Colis Demi-Agneau 18,00 euros le kg Gigot entier et \u00e9paule avec palette ou Gigot tranch\u00e9 et \u00e9paule en r\u00f4ti (Suppl\u00e9ment de 1 euro le kg sur le colis) C\u00f4tes \u00ab\u00a0filet\u00a0\u00bb C\u00f4tes\u00a0 \u00ab\u00a0premi\u00e8re\u00a0\u00bb C\u00f4tes \u00ab\u00a0seconde\u00a0\u00bb Rago\u00fbt Colis Quart d\u2019Agneau 18,50 euros le kg Gigot tranch\u00e9 et \u00e9paule en r\u00f4ti C\u00f4tes \u00ab\u00a0filet\u00a0\u00bb C\u00f4tes\u00a0 [&hellip;]\" \/>\n<meta property=\"og:url\" content=\"https:\/\/fermedelachauveliere.fr\/index.php\/37-indre-et-loire-cheille\/les-produits\/lagneau\/\" \/>\n<meta property=\"og:site_name\" content=\"ELEVAGE DE LA FERME DE LA CHAUVELIERE\" \/>\n<meta property=\"article:modified_time\" content=\"2025-08-28T15:36:00+00:00\" \/>\n<meta name=\"twitter:card\" content=\"summary_large_image\" \/>\n<meta name=\"twitter:label1\" content=\"Dur\u00e9e de lecture estim\u00e9e\" \/>\n\t<meta name=\"twitter:data1\" content=\"1 minute\" \/>\n<script type=\"application\/ld+json\" class=\"yoast-schema-graph\">{\"@context\":\"https:\/\/schema.org\",\"@graph\":[{\"@type\":\"WebPage\",\"@id\":\"https:\/\/fermedelachauveliere.fr\/index.php\/37-indre-et-loire-cheille\/les-produits\/lagneau\/\",\"url\":\"https:\/\/fermedelachauveliere.fr\/index.php\/37-indre-et-loire-cheille\/les-produits\/lagneau\/\",\"name\":\"L'AGNEAU - ELEVAGE DE LA FERME DE LA CHAUVELIERE\",\"isPartOf\":{\"@id\":\"http:\/\/fermedelachauveliere.fr\/#website\"},\"datePublished\":\"2017-03-01T20:36:49+00:00\",\"dateModified\":\"2025-08-28T15:36:00+00:00\",\"breadcrumb\":{\"@id\":\"https:\/\/fermedelachauveliere.fr\/index.php\/37-indre-et-loire-cheille\/les-produits\/lagneau\/#breadcrumb\"},\"inLanguage\":\"fr-FR\",\"potentialAction\":[{\"@type\":\"ReadAction\",\"target\":[\"https:\/\/fermedelachauveliere.fr\/index.php\/37-indre-et-loire-cheille\/les-produits\/lagneau\/\"]}]},{\"@type\":\"BreadcrumbList\",\"@id\":\"https:\/\/fermedelachauveliere.fr\/index.php\/37-indre-et-loire-cheille\/les-produits\/lagneau\/#breadcrumb\",\"itemListElement\":[{\"@type\":\"ListItem\",\"position\":1,\"name\":\"Accueil\",\"item\":\"http:\/\/fermedelachauveliere.fr\/\"},{\"@type\":\"ListItem\",\"position\":2,\"name\":\"ACCUEIL\",\"item\":\"http:\/\/fermedelachauveliere.fr\/\"},{\"@type\":\"ListItem\",\"position\":3,\"name\":\"LES PRODUITS\",\"item\":\"https:\/\/fermedelachauveliere.fr\/index.php\/37-indre-et-loire-cheille\/les-produits\/\"},{\"@type\":\"ListItem\",\"position\":4,\"name\":\"L&rsquo;AGNEAU\"}]},{\"@type\":\"WebSite\",\"@id\":\"http:\/\/fermedelachauveliere.fr\/#website\",\"url\":\"http:\/\/fermedelachauveliere.fr\/\",\"name\":\"ELEVAGE DE LA FERME DE LA CHAUVELIERE\",\"description\":\"VENTE DE VIANDE EN DIRECT\",\"publisher\":{\"@id\":\"http:\/\/fermedelachauveliere.fr\/#organization\"},\"potentialAction\":[{\"@type\":\"SearchAction\",\"target\":{\"@type\":\"EntryPoint\",\"urlTemplate\":\"http:\/\/fermedelachauveliere.fr\/?s={search_term_string}\"},\"query-input\":\"required name=search_term_string\"}],\"inLanguage\":\"fr-FR\"},{\"@type\":\"Organization\",\"@id\":\"http:\/\/fermedelachauveliere.fr\/#organization\",\"name\":\"ferme de la chauveliere\",\"url\":\"http:\/\/fermedelachauveliere.fr\/\",\"logo\":{\"@type\":\"ImageObject\",\"inLanguage\":\"fr-FR\",\"@id\":\"http:\/\/fermedelachauveliere.fr\/#\/schema\/logo\/image\/\",\"url\":\"http:\/\/fermedelachauveliere.fr\/wp-content\/uploads\/2017\/03\/pancarte-3-1024x683.jpg\",\"contentUrl\":\"http:\/\/fermedelachauveliere.fr\/wp-content\/uploads\/2017\/03\/pancarte-3-1024x683.jpg\",\"width\":1024,\"height\":683,\"caption\":\"ferme de la chauveliere\"},\"image\":{\"@id\":\"http:\/\/fermedelachauveliere.fr\/#\/schema\/logo\/image\/\"}}]}<\/script>\n<!-- \/ Yoast SEO plugin. -->","yoast_head_json":{"title":"L'AGNEAU - ELEVAGE DE LA FERME DE LA CHAUVELIERE","robots":{"index":"index","follow":"follow","max-snippet":"max-snippet:-1","max-image-preview":"max-image-preview:large","max-video-preview":"max-video-preview:-1"},"canonical":"https:\/\/fermedelachauveliere.fr\/index.php\/37-indre-et-loire-cheille\/les-produits\/lagneau\/","og_locale":"fr_FR","og_type":"article","og_title":"L'AGNEAU - ELEVAGE DE LA FERME DE LA CHAUVELIERE","og_description":"\u00a0Tarif au28 Ao\u00fbt\u00a0 2025 Colis Demi-Agneau 18,00 euros le kg Gigot entier et \u00e9paule avec palette ou Gigot tranch\u00e9 et \u00e9paule en r\u00f4ti (Suppl\u00e9ment de 1 euro le kg sur le colis) C\u00f4tes \u00ab\u00a0filet\u00a0\u00bb C\u00f4tes\u00a0 \u00ab\u00a0premi\u00e8re\u00a0\u00bb C\u00f4tes \u00ab\u00a0seconde\u00a0\u00bb Rago\u00fbt Colis Quart d\u2019Agneau 18,50 euros le kg Gigot tranch\u00e9 et \u00e9paule en r\u00f4ti C\u00f4tes \u00ab\u00a0filet\u00a0\u00bb C\u00f4tes\u00a0 [&hellip;]","og_url":"https:\/\/fermedelachauveliere.fr\/index.php\/37-indre-et-loire-cheille\/les-produits\/lagneau\/","og_site_name":"ELEVAGE DE LA FERME DE LA CHAUVELIERE","article_modified_time":"2025-08-28T15:36:00+00:00","twitter_card":"summary_large_image","twitter_misc":{"Dur\u00e9e de lecture estim\u00e9e":"1 minute"},"schema":{"@context":"https:\/\/schema.org","@graph":[{"@type":"WebPage","@id":"https:\/\/fermedelachauveliere.fr\/index.php\/37-indre-et-loire-cheille\/les-produits\/lagneau\/","url":"https:\/\/fermedelachauveliere.fr\/index.php\/37-indre-et-loire-cheille\/les-produits\/lagneau\/","name":"L'AGNEAU - ELEVAGE DE LA FERME DE LA CHAUVELIERE","isPartOf":{"@id":"http:\/\/fermedelachauveliere.fr\/#website"},"datePublished":"2017-03-01T20:36:49+00:00","dateModified":"2025-08-28T15:36:00+00:00","breadcrumb":{"@id":"https:\/\/fermedelachauveliere.fr\/index.php\/37-indre-et-loire-cheille\/les-produits\/lagneau\/#breadcrumb"},"inLanguage":"fr-FR","potentialAction":[{"@type":"ReadAction","target":["https:\/\/fermedelachauveliere.fr\/index.php\/37-indre-et-loire-cheille\/les-produits\/lagneau\/"]}]},{"@type":"BreadcrumbList","@id":"https:\/\/fermedelachauveliere.fr\/index.php\/37-indre-et-loire-cheille\/les-produits\/lagneau\/#breadcrumb","itemListElement":[{"@type":"ListItem","position":1,"name":"Accueil","item":"http:\/\/fermedelachauveliere.fr\/"},{"@type":"ListItem","position":2,"name":"ACCUEIL","item":"http:\/\/fermedelachauveliere.fr\/"},{"@type":"ListItem","position":3,"name":"LES PRODUITS","item":"https:\/\/fermedelachauveliere.fr\/index.php\/37-indre-et-loire-cheille\/les-produits\/"},{"@type":"ListItem","position":4,"name":"L&rsquo;AGNEAU"}]},{"@type":"WebSite","@id":"http:\/\/fermedelachauveliere.fr\/#website","url":"http:\/\/fermedelachauveliere.fr\/","name":"ELEVAGE DE LA FERME DE LA CHAUVELIERE","description":"VENTE DE VIANDE EN DIRECT","publisher":{"@id":"http:\/\/fermedelachauveliere.fr\/#organization"},"potentialAction":[{"@type":"SearchAction","target":{"@type":"EntryPoint","urlTemplate":"http:\/\/fermedelachauveliere.fr\/?s={search_term_string}"},"query-input":"required name=search_term_string"}],"inLanguage":"fr-FR"},{"@type":"Organization","@id":"http:\/\/fermedelachauveliere.fr\/#organization","name":"ferme de la chauveliere","url":"http:\/\/fermedelachauveliere.fr\/","logo":{"@type":"ImageObject","inLanguage":"fr-FR","@id":"http:\/\/fermedelachauveliere.fr\/#\/schema\/logo\/image\/","url":"http:\/\/fermedelachauveliere.fr\/wp-content\/uploads\/2017\/03\/pancarte-3-1024x683.jpg","contentUrl":"http:\/\/fermedelachauveliere.fr\/wp-content\/uploads\/2017\/03\/pancarte-3-1024x683.jpg","width":1024,"height":683,"caption":"ferme de la chauveliere"},"image":{"@id":"http:\/\/fermedelachauveliere.fr\/#\/schema\/logo\/image\/"}}]}},"_links":{"self":[{"href":"https:\/\/fermedelachauveliere.fr\/index.php\/wp-json\/wp\/v2\/pages\/154"}],"collection":[{"href":"https:\/\/fermedelachauveliere.fr\/index.php\/wp-json\/wp\/v2\/pages"}],"about":[{"href":"https:\/\/fermedelachauveliere.fr\/index.php\/wp-json\/wp\/v2\/types\/page"}],"author":[{"embeddable":true,"href":"https:\/\/fermedelachauveliere.fr\/index.php\/wp-json\/wp\/v2\/users\/1"}],"replies":[{"embeddable":true,"href":"https:\/\/fermedelachauveliere.fr\/index.php\/wp-json\/wp\/v2\/comments?post=154"}],"version-history":[{"count":0,"href":"https:\/\/fermedelachauveliere.fr\/index.php\/wp-json\/wp\/v2\/pages\/154\/revisions"}],"up":[{"embeddable":true,"href":"https:\/\/fermedelachauveliere.fr\/index.php\/wp-json\/wp\/v2\/pages\/127"}],"wp:attachment":[{"href":"https:\/\/fermedelachauveliere.fr\/index.php\/wp-json\/wp\/v2\/media?parent=154"}],"curies":[{"name":"wp","href":"https:\/\/api.w.org\/{rel}","templated":true}]}}