{"id":150,"date":"2017-03-01T21:35:17","date_gmt":"2017-03-01T20:35:17","guid":{"rendered":"http:\/\/fermedelachauveliere.fr\/?page_id=150"},"modified":"2026-05-05T12:53:52","modified_gmt":"2026-05-05T10:53:53","slug":"le-boeuf","status":"publish","type":"page","link":"https:\/\/fermedelachauveliere.fr\/index.php\/37-indre-et-loire-cheille\/les-produits\/le-boeuf\/","title":{"rendered":"LE BOEUF"},"content":{"rendered":"<div id=\"pl-150\"  class=\"panel-layout\" ><div id=\"pg-150-0\"  class=\"panel-grid panel-no-style\" ><div id=\"pgc-150-0-0\"  class=\"panel-grid-cell\" ><div id=\"panel-150-0-0-0\" class=\"so-panel widget widget_sow-editor panel-first-child panel-last-child\" data-index=\"0\" ><div class=\"panel-widget-style panel-widget-style-for-150-0-0-0\" ><div\n\t\t\t\n\t\t\tclass=\"so-widget-sow-editor so-widget-sow-editor-base\"\n\t\t\t\n\t\t>\n<div class=\"siteorigin-widget-tinymce textwidget\">\n\t<h3 style=\"text-align: center;\">Nous vous proposons des colis de viande de produits consommables,\u00a0en frais ou \u00e0 congeler.<\/h3>\n<h5 style=\"text-align: center;\">Tarifs au 1er MAI\u00a0 2026<\/h5>\n<h2 style=\"text-align: center;\"><span style=\"text-decoration: underline;\">Colis 7 kg de B\u0153uf<\/span> : 125,00 euros<\/h2>\n<h4 style=\"text-align: center;\" align=\"left\">C\u00f4te de B\u0153uf<\/h4>\n<h4 style=\"text-align: center;\" align=\"left\">ou R\u00f4ti de B\u0153uf<\/h4>\n<h4 style=\"text-align: center;\" align=\"left\">ou Fondue de B\u0153uf<\/h4>\n<h4 style=\"text-align: center;\" align=\"left\">Pav\u00e9 de rumsteck ou entrec\u00f4te<\/h4>\n<h4 style=\"text-align: center;\" align=\"left\">Faux-filet<\/h4>\n<h4 style=\"text-align: center;\" align=\"left\">Tournedos<\/h4>\n<h4 style=\"text-align: center;\" align=\"left\">Bavette d\u2019Aloyau<\/h4>\n<h4 style=\"text-align: center;\" align=\"left\">Steaks premier<\/h4>\n<h4 style=\"text-align: center;\" align=\"left\">Steaks ordinaire<\/h4>\n<h4 style=\"text-align: center;\" align=\"left\">\u00a0\u00a0\u00a0\u00a0\u00a0Persill\u00e9 ou paleron barbecue<\/h4>\n<h4 style=\"text-align: center;\"><strong>Merguez ou saucisses (8)<\/strong><\/h4>\n<h4 style=\"text-align: center;\" align=\"left\">B\u0153uf cuit en \u00ab\u00a0\u00e9t\u00e9\u00a0\u00bb<\/h4>\n<h4 style=\"text-align: center;\" align=\"left\">Pot-au-feu en \u00ab\u00a0hiver\u00a0\u00bb<\/h4>\n<h4 style=\"text-align: center;\" align=\"left\">1 kg de Bourguignon<\/h4>\n<h2 align=\"center\"><span style=\"text-decoration: underline;\">Colis 7 kg Barbecue de B\u0153uf\u00a0<\/span> : 125,00 euros<\/h2>\n<p>&nbsp;<\/p>\n<\/div>\n<\/div><\/div><\/div><\/div><\/div><\/div>","protected":false},"excerpt":{"rendered":"<p>Nous vous proposons des colis de viande de produits consommables,\u00a0en frais ou \u00e0 congeler. Tarifs au 1er MAI\u00a0 2026 Colis 7 kg de B\u0153uf : 125,00 euros C\u00f4te de B\u0153uf ou R\u00f4ti de B\u0153uf ou Fondue de B\u0153uf Pav\u00e9 de rumsteck ou entrec\u00f4te Faux-filet Tournedos Bavette d\u2019Aloyau Steaks premier Steaks ordinaire \u00a0\u00a0\u00a0\u00a0\u00a0Persill\u00e9 ou paleron barbecue [&hellip;]<\/p>\n","protected":false},"author":1,"featured_media":0,"parent":127,"menu_order":1,"comment_status":"closed","ping_status":"closed","template":"","meta":{"footnotes":""},"yoast_head":"<!-- This site is optimized with the Yoast SEO plugin v20.4 - https:\/\/yoast.com\/wordpress\/plugins\/seo\/ -->\n<title>LE BOEUF - ELEVAGE DE LA FERME DE LA CHAUVELIERE<\/title>\n<meta name=\"robots\" content=\"index, follow, max-snippet:-1, max-image-preview:large, max-video-preview:-1\" \/>\n<link rel=\"canonical\" href=\"https:\/\/fermedelachauveliere.fr\/index.php\/37-indre-et-loire-cheille\/les-produits\/le-boeuf\/\" \/>\n<meta property=\"og:locale\" content=\"fr_FR\" \/>\n<meta property=\"og:type\" content=\"article\" \/>\n<meta property=\"og:title\" content=\"LE BOEUF - ELEVAGE DE LA FERME DE LA CHAUVELIERE\" \/>\n<meta property=\"og:description\" content=\"Nous vous proposons des colis de viande de produits consommables,\u00a0en frais ou \u00e0 congeler. Tarifs au 1er MAI\u00a0 2026 Colis 7 kg de B\u0153uf : 125,00 euros C\u00f4te de B\u0153uf ou R\u00f4ti de B\u0153uf ou Fondue de B\u0153uf Pav\u00e9 de rumsteck ou entrec\u00f4te Faux-filet Tournedos Bavette d\u2019Aloyau Steaks premier Steaks ordinaire \u00a0\u00a0\u00a0\u00a0\u00a0Persill\u00e9 ou paleron barbecue [&hellip;]\" \/>\n<meta property=\"og:url\" content=\"https:\/\/fermedelachauveliere.fr\/index.php\/37-indre-et-loire-cheille\/les-produits\/le-boeuf\/\" \/>\n<meta property=\"og:site_name\" content=\"ELEVAGE DE LA FERME DE LA CHAUVELIERE\" \/>\n<meta property=\"article:modified_time\" content=\"2026-05-05T10:53:53+00:00\" \/>\n<meta name=\"twitter:card\" content=\"summary_large_image\" \/>\n<meta name=\"twitter:label1\" content=\"Dur\u00e9e de lecture estim\u00e9e\" \/>\n\t<meta name=\"twitter:data1\" content=\"1 minute\" \/>\n<script type=\"application\/ld+json\" class=\"yoast-schema-graph\">{\"@context\":\"https:\/\/schema.org\",\"@graph\":[{\"@type\":\"WebPage\",\"@id\":\"https:\/\/fermedelachauveliere.fr\/index.php\/37-indre-et-loire-cheille\/les-produits\/le-boeuf\/\",\"url\":\"https:\/\/fermedelachauveliere.fr\/index.php\/37-indre-et-loire-cheille\/les-produits\/le-boeuf\/\",\"name\":\"LE BOEUF - ELEVAGE DE LA FERME DE LA CHAUVELIERE\",\"isPartOf\":{\"@id\":\"http:\/\/fermedelachauveliere.fr\/#website\"},\"datePublished\":\"2017-03-01T20:35:17+00:00\",\"dateModified\":\"2026-05-05T10:53:53+00:00\",\"breadcrumb\":{\"@id\":\"https:\/\/fermedelachauveliere.fr\/index.php\/37-indre-et-loire-cheille\/les-produits\/le-boeuf\/#breadcrumb\"},\"inLanguage\":\"fr-FR\",\"potentialAction\":[{\"@type\":\"ReadAction\",\"target\":[\"https:\/\/fermedelachauveliere.fr\/index.php\/37-indre-et-loire-cheille\/les-produits\/le-boeuf\/\"]}]},{\"@type\":\"BreadcrumbList\",\"@id\":\"https:\/\/fermedelachauveliere.fr\/index.php\/37-indre-et-loire-cheille\/les-produits\/le-boeuf\/#breadcrumb\",\"itemListElement\":[{\"@type\":\"ListItem\",\"position\":1,\"name\":\"Accueil\",\"item\":\"http:\/\/fermedelachauveliere.fr\/\"},{\"@type\":\"ListItem\",\"position\":2,\"name\":\"ACCUEIL\",\"item\":\"http:\/\/fermedelachauveliere.fr\/\"},{\"@type\":\"ListItem\",\"position\":3,\"name\":\"LES PRODUITS\",\"item\":\"https:\/\/fermedelachauveliere.fr\/index.php\/37-indre-et-loire-cheille\/les-produits\/\"},{\"@type\":\"ListItem\",\"position\":4,\"name\":\"LE BOEUF\"}]},{\"@type\":\"WebSite\",\"@id\":\"http:\/\/fermedelachauveliere.fr\/#website\",\"url\":\"http:\/\/fermedelachauveliere.fr\/\",\"name\":\"ELEVAGE DE LA FERME DE LA CHAUVELIERE\",\"description\":\"VENTE DE VIANDE EN DIRECT\",\"publisher\":{\"@id\":\"http:\/\/fermedelachauveliere.fr\/#organization\"},\"potentialAction\":[{\"@type\":\"SearchAction\",\"target\":{\"@type\":\"EntryPoint\",\"urlTemplate\":\"http:\/\/fermedelachauveliere.fr\/?s={search_term_string}\"},\"query-input\":\"required name=search_term_string\"}],\"inLanguage\":\"fr-FR\"},{\"@type\":\"Organization\",\"@id\":\"http:\/\/fermedelachauveliere.fr\/#organization\",\"name\":\"ferme de la chauveliere\",\"url\":\"http:\/\/fermedelachauveliere.fr\/\",\"logo\":{\"@type\":\"ImageObject\",\"inLanguage\":\"fr-FR\",\"@id\":\"http:\/\/fermedelachauveliere.fr\/#\/schema\/logo\/image\/\",\"url\":\"http:\/\/fermedelachauveliere.fr\/wp-content\/uploads\/2017\/03\/pancarte-3-1024x683.jpg\",\"contentUrl\":\"http:\/\/fermedelachauveliere.fr\/wp-content\/uploads\/2017\/03\/pancarte-3-1024x683.jpg\",\"width\":1024,\"height\":683,\"caption\":\"ferme de la chauveliere\"},\"image\":{\"@id\":\"http:\/\/fermedelachauveliere.fr\/#\/schema\/logo\/image\/\"}}]}<\/script>\n<!-- \/ Yoast SEO plugin. -->","yoast_head_json":{"title":"LE BOEUF - ELEVAGE DE LA FERME DE LA CHAUVELIERE","robots":{"index":"index","follow":"follow","max-snippet":"max-snippet:-1","max-image-preview":"max-image-preview:large","max-video-preview":"max-video-preview:-1"},"canonical":"https:\/\/fermedelachauveliere.fr\/index.php\/37-indre-et-loire-cheille\/les-produits\/le-boeuf\/","og_locale":"fr_FR","og_type":"article","og_title":"LE BOEUF - ELEVAGE DE LA FERME DE LA CHAUVELIERE","og_description":"Nous vous proposons des colis de viande de produits consommables,\u00a0en frais ou \u00e0 congeler. Tarifs au 1er MAI\u00a0 2026 Colis 7 kg de B\u0153uf : 125,00 euros C\u00f4te de B\u0153uf ou R\u00f4ti de B\u0153uf ou Fondue de B\u0153uf Pav\u00e9 de rumsteck ou entrec\u00f4te Faux-filet Tournedos Bavette d\u2019Aloyau Steaks premier Steaks ordinaire \u00a0\u00a0\u00a0\u00a0\u00a0Persill\u00e9 ou paleron barbecue [&hellip;]","og_url":"https:\/\/fermedelachauveliere.fr\/index.php\/37-indre-et-loire-cheille\/les-produits\/le-boeuf\/","og_site_name":"ELEVAGE DE LA FERME DE LA CHAUVELIERE","article_modified_time":"2026-05-05T10:53:53+00:00","twitter_card":"summary_large_image","twitter_misc":{"Dur\u00e9e de lecture estim\u00e9e":"1 minute"},"schema":{"@context":"https:\/\/schema.org","@graph":[{"@type":"WebPage","@id":"https:\/\/fermedelachauveliere.fr\/index.php\/37-indre-et-loire-cheille\/les-produits\/le-boeuf\/","url":"https:\/\/fermedelachauveliere.fr\/index.php\/37-indre-et-loire-cheille\/les-produits\/le-boeuf\/","name":"LE BOEUF - ELEVAGE DE LA FERME DE LA CHAUVELIERE","isPartOf":{"@id":"http:\/\/fermedelachauveliere.fr\/#website"},"datePublished":"2017-03-01T20:35:17+00:00","dateModified":"2026-05-05T10:53:53+00:00","breadcrumb":{"@id":"https:\/\/fermedelachauveliere.fr\/index.php\/37-indre-et-loire-cheille\/les-produits\/le-boeuf\/#breadcrumb"},"inLanguage":"fr-FR","potentialAction":[{"@type":"ReadAction","target":["https:\/\/fermedelachauveliere.fr\/index.php\/37-indre-et-loire-cheille\/les-produits\/le-boeuf\/"]}]},{"@type":"BreadcrumbList","@id":"https:\/\/fermedelachauveliere.fr\/index.php\/37-indre-et-loire-cheille\/les-produits\/le-boeuf\/#breadcrumb","itemListElement":[{"@type":"ListItem","position":1,"name":"Accueil","item":"http:\/\/fermedelachauveliere.fr\/"},{"@type":"ListItem","position":2,"name":"ACCUEIL","item":"http:\/\/fermedelachauveliere.fr\/"},{"@type":"ListItem","position":3,"name":"LES PRODUITS","item":"https:\/\/fermedelachauveliere.fr\/index.php\/37-indre-et-loire-cheille\/les-produits\/"},{"@type":"ListItem","position":4,"name":"LE BOEUF"}]},{"@type":"WebSite","@id":"http:\/\/fermedelachauveliere.fr\/#website","url":"http:\/\/fermedelachauveliere.fr\/","name":"ELEVAGE DE LA FERME DE LA CHAUVELIERE","description":"VENTE DE VIANDE EN DIRECT","publisher":{"@id":"http:\/\/fermedelachauveliere.fr\/#organization"},"potentialAction":[{"@type":"SearchAction","target":{"@type":"EntryPoint","urlTemplate":"http:\/\/fermedelachauveliere.fr\/?s={search_term_string}"},"query-input":"required name=search_term_string"}],"inLanguage":"fr-FR"},{"@type":"Organization","@id":"http:\/\/fermedelachauveliere.fr\/#organization","name":"ferme de la chauveliere","url":"http:\/\/fermedelachauveliere.fr\/","logo":{"@type":"ImageObject","inLanguage":"fr-FR","@id":"http:\/\/fermedelachauveliere.fr\/#\/schema\/logo\/image\/","url":"http:\/\/fermedelachauveliere.fr\/wp-content\/uploads\/2017\/03\/pancarte-3-1024x683.jpg","contentUrl":"http:\/\/fermedelachauveliere.fr\/wp-content\/uploads\/2017\/03\/pancarte-3-1024x683.jpg","width":1024,"height":683,"caption":"ferme de la chauveliere"},"image":{"@id":"http:\/\/fermedelachauveliere.fr\/#\/schema\/logo\/image\/"}}]}},"_links":{"self":[{"href":"https:\/\/fermedelachauveliere.fr\/index.php\/wp-json\/wp\/v2\/pages\/150"}],"collection":[{"href":"https:\/\/fermedelachauveliere.fr\/index.php\/wp-json\/wp\/v2\/pages"}],"about":[{"href":"https:\/\/fermedelachauveliere.fr\/index.php\/wp-json\/wp\/v2\/types\/page"}],"author":[{"embeddable":true,"href":"https:\/\/fermedelachauveliere.fr\/index.php\/wp-json\/wp\/v2\/users\/1"}],"replies":[{"embeddable":true,"href":"https:\/\/fermedelachauveliere.fr\/index.php\/wp-json\/wp\/v2\/comments?post=150"}],"version-history":[{"count":2,"href":"https:\/\/fermedelachauveliere.fr\/index.php\/wp-json\/wp\/v2\/pages\/150\/revisions"}],"predecessor-version":[{"id":1233,"href":"https:\/\/fermedelachauveliere.fr\/index.php\/wp-json\/wp\/v2\/pages\/150\/revisions\/1233"}],"up":[{"embeddable":true,"href":"https:\/\/fermedelachauveliere.fr\/index.php\/wp-json\/wp\/v2\/pages\/127"}],"wp:attachment":[{"href":"https:\/\/fermedelachauveliere.fr\/index.php\/wp-json\/wp\/v2\/media?parent=150"}],"curies":[{"name":"wp","href":"https:\/\/api.w.org\/{rel}","templated":true}]}}