{"id":133,"date":"2017-03-01T20:48:50","date_gmt":"2017-03-01T19:48:50","guid":{"rendered":"http:\/\/fermedelachauveliere.fr\/?page_id=133"},"modified":"2017-03-24T17:18:12","modified_gmt":"2017-03-24T16:18:12","slug":"coin-recette","status":"publish","type":"page","link":"https:\/\/fermedelachauveliere.fr\/index.php\/37-indre-et-loire-cheille\/coin-recette\/","title":{"rendered":"COIN RECETTE"},"content":{"rendered":"<div id=\"pl-133\"  class=\"panel-layout\" ><div id=\"pg-133-0\"  class=\"panel-grid panel-no-style\" ><div id=\"pgc-133-0-0\"  class=\"panel-grid-cell\" ><div id=\"panel-133-0-0-0\" class=\"so-panel widget widget_sow-editor panel-first-child panel-last-child\" data-index=\"0\" ><div class=\"panel-widget-style panel-widget-style-for-133-0-0-0\" ><div\n\t\t\t\n\t\t\tclass=\"so-widget-sow-editor so-widget-sow-editor-base\"\n\t\t\t\n\t\t>\n<div class=\"siteorigin-widget-tinymce textwidget\">\n\t<p align=\"left\">\u00a0<\/p>\n<p align=\"left\">\u00a0<\/p>\n<p align=\"left\">\u00a0<\/p>\n<h2 align=\"left\"><span style=\"font-size: large;\"><b>\u00a0\u00a0\u00a0\u00a0\u00a0\u00a0\u00a0\u00a0\u00a0\u00a0\u00a0\u00a0\u00a0 <\/b><\/span><strong>Quiche au b\u0153uf cuit<\/strong><\/h2>\n<h3>\u00a0\u00a0\u00a0\u00a0\u00a0\u00a0\u00a0\u00a0\u00a0\u00a0<strong>1 p\u00e2te bris\u00e9e<\/strong><\/h3>\n<h3><strong>\u00a0\u00a0\u00a0\u00a0\u00a0\u00a0\u00a0\u00a0 \u00a01 grand pot de 50cl de cr\u00e8me fra\u00eeche<\/strong><\/h3>\n<h3><strong>\u00a0\u00a0\u00a0\u00a0\u00a0\u00a0\u00a0\u00a0 \u00a04 \u0153ufs<\/strong><\/h3>\n<h3><strong>\u00a0\u00a0\u00a0\u00a0\u00a0\u00a0\u00a0\u00a0 \u00a0150g \u00e0 180g de b\u0153uf cuit (coup\u00e9s aux ciseaux)<\/strong><\/h3>\n<h3><strong>\u00a0\u00a0\u00a0\u00a0\u00a0\u00a0\u00a0\u00a0\u00a0 Pr\u00e9chauffer votre four \u00e0 180\u00b0.<\/strong><\/h3>\n<h3><strong>\u00a0\u00a0\u00a0\u00a0\u00a0\u00a0\u00a0\u00a0\u00a0 D\u00e9poser votre p\u00e2te dans un moule \u00e0 tarte en y ajoutant des morceaux de b\u0153uf cuit\u00a0\u00a0jusqu\u2019\u00e0 recouvrir <\/strong><strong>votre\u00a0\u00a0\u00a0\u00a0\u00a0 fond\u00a0de\u00a0\u00a0p\u00e2te.<\/strong><\/h3>\n<h3><strong>\u00a0\u00a0\u00a0\u00a0\u00a0\u00a0\u00a0\u00a0\u00a0 Dans un bol m\u00e9langer cr\u00e8me fra\u00eeche et \u0153ufs, saler, poivrer et verser ce m\u00e9lange sur votre tarte.<\/strong><\/h3>\n<h3><strong>\u00a0\u00a0\u00a0\u00a0\u00a0\u00a0\u00a0\u00a0\u00a0 Enfourner 30 \u00e0 40 minutes\u00a0\u2026\u2026\u2026. c\u2019est pr\u00eat<\/strong><\/h3>\n<h4 align=\"left\">\u00a0<\/h4>\n<p align=\"left\">\u00a0<\/p>\n<p align=\"left\">\u00a0<\/p>\n<\/div>\n<\/div><\/div><\/div><\/div><\/div><\/div>","protected":false},"excerpt":{"rendered":"<p>\u00a0\u00a0\u00a0\u00a0\u00a0\u00a0\u00a0\u00a0\u00a0\u00a0\u00a0\u00a0\u00a0\u00a0\u00a0\u00a0 Quiche au b\u0153uf cuit\u00a0\u00a0\u00a0\u00a0\u00a0\u00a0\u00a0\u00a0\u00a0\u00a01 p\u00e2te bris\u00e9e\u00a0\u00a0\u00a0\u00a0\u00a0\u00a0\u00a0\u00a0 \u00a01 grand pot de 50cl de cr\u00e8me fra\u00eeche\u00a0\u00a0\u00a0\u00a0\u00a0\u00a0\u00a0\u00a0 \u00a04 \u0153ufs\u00a0\u00a0\u00a0\u00a0\u00a0\u00a0\u00a0\u00a0 \u00a0150g \u00e0 180g de b\u0153uf cuit (coup\u00e9s aux ciseaux)\u00a0\u00a0\u00a0\u00a0\u00a0\u00a0\u00a0\u00a0\u00a0 Pr\u00e9chauffer votre four \u00e0 180\u00b0.\u00a0\u00a0\u00a0\u00a0\u00a0\u00a0\u00a0\u00a0\u00a0 D\u00e9poser votre p\u00e2te dans un moule \u00e0 tarte en y ajoutant des morceaux de b\u0153uf cuit\u00a0\u00a0jusqu\u2019\u00e0 recouvrir votre\u00a0\u00a0\u00a0\u00a0\u00a0 fond\u00a0de\u00a0\u00a0p\u00e2te.\u00a0\u00a0\u00a0\u00a0\u00a0\u00a0\u00a0\u00a0\u00a0 Dans un bol m\u00e9langer cr\u00e8me [&hellip;]<\/p>\n","protected":false},"author":1,"featured_media":0,"parent":65,"menu_order":5,"comment_status":"closed","ping_status":"closed","template":"","meta":{"footnotes":""},"yoast_head":"<!-- This site is optimized with the Yoast SEO plugin v20.4 - https:\/\/yoast.com\/wordpress\/plugins\/seo\/ -->\n<title>COIN RECETTE - ELEVAGE DE LA FERME DE LA CHAUVELIERE<\/title>\n<meta name=\"robots\" content=\"index, follow, max-snippet:-1, max-image-preview:large, max-video-preview:-1\" \/>\n<link rel=\"canonical\" href=\"http:\/\/fermedelachauveliere.fr\/index.php\/37-indre-et-loire-cheille\/coin-recette\/\" \/>\n<meta property=\"og:locale\" content=\"fr_FR\" \/>\n<meta property=\"og:type\" content=\"article\" \/>\n<meta property=\"og:title\" content=\"COIN RECETTE - ELEVAGE DE LA FERME DE LA CHAUVELIERE\" \/>\n<meta property=\"og:description\" content=\"\u00a0\u00a0\u00a0\u00a0\u00a0\u00a0\u00a0\u00a0\u00a0\u00a0\u00a0\u00a0\u00a0\u00a0\u00a0\u00a0 Quiche au b\u0153uf cuit\u00a0\u00a0\u00a0\u00a0\u00a0\u00a0\u00a0\u00a0\u00a0\u00a01 p\u00e2te bris\u00e9e\u00a0\u00a0\u00a0\u00a0\u00a0\u00a0\u00a0\u00a0 \u00a01 grand pot de 50cl de cr\u00e8me fra\u00eeche\u00a0\u00a0\u00a0\u00a0\u00a0\u00a0\u00a0\u00a0 \u00a04 \u0153ufs\u00a0\u00a0\u00a0\u00a0\u00a0\u00a0\u00a0\u00a0 \u00a0150g \u00e0 180g de b\u0153uf cuit (coup\u00e9s aux ciseaux)\u00a0\u00a0\u00a0\u00a0\u00a0\u00a0\u00a0\u00a0\u00a0 Pr\u00e9chauffer votre four \u00e0 180\u00b0.\u00a0\u00a0\u00a0\u00a0\u00a0\u00a0\u00a0\u00a0\u00a0 D\u00e9poser votre p\u00e2te dans un moule \u00e0 tarte en y ajoutant des morceaux de b\u0153uf cuit\u00a0\u00a0jusqu\u2019\u00e0 recouvrir votre\u00a0\u00a0\u00a0\u00a0\u00a0 fond\u00a0de\u00a0\u00a0p\u00e2te.\u00a0\u00a0\u00a0\u00a0\u00a0\u00a0\u00a0\u00a0\u00a0 Dans un bol m\u00e9langer cr\u00e8me [&hellip;]\" \/>\n<meta property=\"og:url\" content=\"http:\/\/fermedelachauveliere.fr\/index.php\/37-indre-et-loire-cheille\/coin-recette\/\" \/>\n<meta property=\"og:site_name\" content=\"ELEVAGE DE LA FERME DE LA CHAUVELIERE\" \/>\n<meta property=\"article:modified_time\" content=\"2017-03-24T16:18:12+00:00\" \/>\n<meta name=\"twitter:card\" content=\"summary_large_image\" \/>\n<meta name=\"twitter:label1\" content=\"Dur\u00e9e de lecture estim\u00e9e\" \/>\n\t<meta name=\"twitter:data1\" content=\"1 minute\" \/>\n<script type=\"application\/ld+json\" class=\"yoast-schema-graph\">{\"@context\":\"https:\/\/schema.org\",\"@graph\":[{\"@type\":\"WebPage\",\"@id\":\"http:\/\/fermedelachauveliere.fr\/index.php\/37-indre-et-loire-cheille\/coin-recette\/\",\"url\":\"http:\/\/fermedelachauveliere.fr\/index.php\/37-indre-et-loire-cheille\/coin-recette\/\",\"name\":\"COIN RECETTE - ELEVAGE DE LA FERME DE LA CHAUVELIERE\",\"isPartOf\":{\"@id\":\"http:\/\/fermedelachauveliere.fr\/#website\"},\"datePublished\":\"2017-03-01T19:48:50+00:00\",\"dateModified\":\"2017-03-24T16:18:12+00:00\",\"breadcrumb\":{\"@id\":\"http:\/\/fermedelachauveliere.fr\/index.php\/37-indre-et-loire-cheille\/coin-recette\/#breadcrumb\"},\"inLanguage\":\"fr-FR\",\"potentialAction\":[{\"@type\":\"ReadAction\",\"target\":[\"http:\/\/fermedelachauveliere.fr\/index.php\/37-indre-et-loire-cheille\/coin-recette\/\"]}]},{\"@type\":\"BreadcrumbList\",\"@id\":\"http:\/\/fermedelachauveliere.fr\/index.php\/37-indre-et-loire-cheille\/coin-recette\/#breadcrumb\",\"itemListElement\":[{\"@type\":\"ListItem\",\"position\":1,\"name\":\"Accueil\",\"item\":\"http:\/\/fermedelachauveliere.fr\/\"},{\"@type\":\"ListItem\",\"position\":2,\"name\":\"ACCUEIL\",\"item\":\"http:\/\/fermedelachauveliere.fr\/\"},{\"@type\":\"ListItem\",\"position\":3,\"name\":\"COIN RECETTE\"}]},{\"@type\":\"WebSite\",\"@id\":\"http:\/\/fermedelachauveliere.fr\/#website\",\"url\":\"http:\/\/fermedelachauveliere.fr\/\",\"name\":\"ELEVAGE DE LA FERME DE LA CHAUVELIERE\",\"description\":\"VENTE DE VIANDE EN DIRECT\",\"publisher\":{\"@id\":\"http:\/\/fermedelachauveliere.fr\/#organization\"},\"potentialAction\":[{\"@type\":\"SearchAction\",\"target\":{\"@type\":\"EntryPoint\",\"urlTemplate\":\"http:\/\/fermedelachauveliere.fr\/?s={search_term_string}\"},\"query-input\":\"required name=search_term_string\"}],\"inLanguage\":\"fr-FR\"},{\"@type\":\"Organization\",\"@id\":\"http:\/\/fermedelachauveliere.fr\/#organization\",\"name\":\"ferme de la chauveliere\",\"url\":\"http:\/\/fermedelachauveliere.fr\/\",\"logo\":{\"@type\":\"ImageObject\",\"inLanguage\":\"fr-FR\",\"@id\":\"http:\/\/fermedelachauveliere.fr\/#\/schema\/logo\/image\/\",\"url\":\"http:\/\/fermedelachauveliere.fr\/wp-content\/uploads\/2017\/03\/pancarte-3-1024x683.jpg\",\"contentUrl\":\"http:\/\/fermedelachauveliere.fr\/wp-content\/uploads\/2017\/03\/pancarte-3-1024x683.jpg\",\"width\":1024,\"height\":683,\"caption\":\"ferme de la chauveliere\"},\"image\":{\"@id\":\"http:\/\/fermedelachauveliere.fr\/#\/schema\/logo\/image\/\"}}]}<\/script>\n<!-- \/ Yoast SEO plugin. -->","yoast_head_json":{"title":"COIN RECETTE - ELEVAGE DE LA FERME DE LA CHAUVELIERE","robots":{"index":"index","follow":"follow","max-snippet":"max-snippet:-1","max-image-preview":"max-image-preview:large","max-video-preview":"max-video-preview:-1"},"canonical":"http:\/\/fermedelachauveliere.fr\/index.php\/37-indre-et-loire-cheille\/coin-recette\/","og_locale":"fr_FR","og_type":"article","og_title":"COIN RECETTE - ELEVAGE DE LA FERME DE LA CHAUVELIERE","og_description":"\u00a0\u00a0\u00a0\u00a0\u00a0\u00a0\u00a0\u00a0\u00a0\u00a0\u00a0\u00a0\u00a0\u00a0\u00a0\u00a0 Quiche au b\u0153uf cuit\u00a0\u00a0\u00a0\u00a0\u00a0\u00a0\u00a0\u00a0\u00a0\u00a01 p\u00e2te bris\u00e9e\u00a0\u00a0\u00a0\u00a0\u00a0\u00a0\u00a0\u00a0 \u00a01 grand pot de 50cl de cr\u00e8me fra\u00eeche\u00a0\u00a0\u00a0\u00a0\u00a0\u00a0\u00a0\u00a0 \u00a04 \u0153ufs\u00a0\u00a0\u00a0\u00a0\u00a0\u00a0\u00a0\u00a0 \u00a0150g \u00e0 180g de b\u0153uf cuit (coup\u00e9s aux ciseaux)\u00a0\u00a0\u00a0\u00a0\u00a0\u00a0\u00a0\u00a0\u00a0 Pr\u00e9chauffer votre four \u00e0 180\u00b0.\u00a0\u00a0\u00a0\u00a0\u00a0\u00a0\u00a0\u00a0\u00a0 D\u00e9poser votre p\u00e2te dans un moule \u00e0 tarte en y ajoutant des morceaux de b\u0153uf cuit\u00a0\u00a0jusqu\u2019\u00e0 recouvrir votre\u00a0\u00a0\u00a0\u00a0\u00a0 fond\u00a0de\u00a0\u00a0p\u00e2te.\u00a0\u00a0\u00a0\u00a0\u00a0\u00a0\u00a0\u00a0\u00a0 Dans un bol m\u00e9langer cr\u00e8me [&hellip;]","og_url":"http:\/\/fermedelachauveliere.fr\/index.php\/37-indre-et-loire-cheille\/coin-recette\/","og_site_name":"ELEVAGE DE LA FERME DE LA CHAUVELIERE","article_modified_time":"2017-03-24T16:18:12+00:00","twitter_card":"summary_large_image","twitter_misc":{"Dur\u00e9e de lecture estim\u00e9e":"1 minute"},"schema":{"@context":"https:\/\/schema.org","@graph":[{"@type":"WebPage","@id":"http:\/\/fermedelachauveliere.fr\/index.php\/37-indre-et-loire-cheille\/coin-recette\/","url":"http:\/\/fermedelachauveliere.fr\/index.php\/37-indre-et-loire-cheille\/coin-recette\/","name":"COIN RECETTE - ELEVAGE DE LA FERME DE LA CHAUVELIERE","isPartOf":{"@id":"http:\/\/fermedelachauveliere.fr\/#website"},"datePublished":"2017-03-01T19:48:50+00:00","dateModified":"2017-03-24T16:18:12+00:00","breadcrumb":{"@id":"http:\/\/fermedelachauveliere.fr\/index.php\/37-indre-et-loire-cheille\/coin-recette\/#breadcrumb"},"inLanguage":"fr-FR","potentialAction":[{"@type":"ReadAction","target":["http:\/\/fermedelachauveliere.fr\/index.php\/37-indre-et-loire-cheille\/coin-recette\/"]}]},{"@type":"BreadcrumbList","@id":"http:\/\/fermedelachauveliere.fr\/index.php\/37-indre-et-loire-cheille\/coin-recette\/#breadcrumb","itemListElement":[{"@type":"ListItem","position":1,"name":"Accueil","item":"http:\/\/fermedelachauveliere.fr\/"},{"@type":"ListItem","position":2,"name":"ACCUEIL","item":"http:\/\/fermedelachauveliere.fr\/"},{"@type":"ListItem","position":3,"name":"COIN RECETTE"}]},{"@type":"WebSite","@id":"http:\/\/fermedelachauveliere.fr\/#website","url":"http:\/\/fermedelachauveliere.fr\/","name":"ELEVAGE DE LA FERME DE LA CHAUVELIERE","description":"VENTE DE VIANDE EN DIRECT","publisher":{"@id":"http:\/\/fermedelachauveliere.fr\/#organization"},"potentialAction":[{"@type":"SearchAction","target":{"@type":"EntryPoint","urlTemplate":"http:\/\/fermedelachauveliere.fr\/?s={search_term_string}"},"query-input":"required name=search_term_string"}],"inLanguage":"fr-FR"},{"@type":"Organization","@id":"http:\/\/fermedelachauveliere.fr\/#organization","name":"ferme de la chauveliere","url":"http:\/\/fermedelachauveliere.fr\/","logo":{"@type":"ImageObject","inLanguage":"fr-FR","@id":"http:\/\/fermedelachauveliere.fr\/#\/schema\/logo\/image\/","url":"http:\/\/fermedelachauveliere.fr\/wp-content\/uploads\/2017\/03\/pancarte-3-1024x683.jpg","contentUrl":"http:\/\/fermedelachauveliere.fr\/wp-content\/uploads\/2017\/03\/pancarte-3-1024x683.jpg","width":1024,"height":683,"caption":"ferme de la chauveliere"},"image":{"@id":"http:\/\/fermedelachauveliere.fr\/#\/schema\/logo\/image\/"}}]}},"_links":{"self":[{"href":"https:\/\/fermedelachauveliere.fr\/index.php\/wp-json\/wp\/v2\/pages\/133"}],"collection":[{"href":"https:\/\/fermedelachauveliere.fr\/index.php\/wp-json\/wp\/v2\/pages"}],"about":[{"href":"https:\/\/fermedelachauveliere.fr\/index.php\/wp-json\/wp\/v2\/types\/page"}],"author":[{"embeddable":true,"href":"https:\/\/fermedelachauveliere.fr\/index.php\/wp-json\/wp\/v2\/users\/1"}],"replies":[{"embeddable":true,"href":"https:\/\/fermedelachauveliere.fr\/index.php\/wp-json\/wp\/v2\/comments?post=133"}],"version-history":[{"count":0,"href":"https:\/\/fermedelachauveliere.fr\/index.php\/wp-json\/wp\/v2\/pages\/133\/revisions"}],"up":[{"embeddable":true,"href":"https:\/\/fermedelachauveliere.fr\/index.php\/wp-json\/wp\/v2\/pages\/65"}],"wp:attachment":[{"href":"https:\/\/fermedelachauveliere.fr\/index.php\/wp-json\/wp\/v2\/media?parent=133"}],"curies":[{"name":"wp","href":"https:\/\/api.w.org\/{rel}","templated":true}]}}